{"id":17,"date":"2017-01-19T13:59:10","date_gmt":"2017-01-19T13:59:10","guid":{"rendered":"http:\/\/sw-themes.com\/porto_dummy\/?page_id=17"},"modified":"2024-03-15T22:51:51","modified_gmt":"2024-03-15T22:51:51","slug":"servicios","status":"publish","type":"page","link":"https:\/\/suministrosferemy.com\/?page_id=17","title":{"rendered":"Servicios"},"content":{"rendered":"\t\t<div data-elementor-type=\"wp-page\" data-elementor-id=\"17\" class=\"elementor elementor-17\">\n\t\t\t\t\t\t\t\t\t<section class=\"elementor-section elementor-top-section elementor-element elementor-element-e9a22de elementor-section-boxed elementor-section-height-default elementor-section-height-default\" data-id=\"e9a22de\" data-element_type=\"section\" data-settings=\"{&quot;background_background&quot;:&quot;classic&quot;}\">\r\n\t\t\r\n\t\t\t\t\t\t\t<div class=\"elementor-container elementor-column-gap-default\">\r\n\t\t\t\t\t\t\t\t\t\t\t<div class=\"elementor-column elementor-col-100 elementor-top-column elementor-element elementor-element-67e69d9 elementor-invisible\" data-id=\"67e69d9\" data-element_type=\"column\" data-settings=\"{&quot;animation&quot;:&quot;fadeInLeft&quot;,&quot;animation_tablet&quot;:&quot;fadeIn&quot;,&quot;animation_delay&quot;:&quot;300&quot;}\">\r\n\t\t\t\t\t<div class=\"elementor-widget-wrap elementor-element-populated\">\r\n\t\t\t\t\t\t\t\t<div class=\"elementor-element elementor-element-cdd5085 elementor-widget-divider--view-line elementor-widget elementor-widget-divider\" data-id=\"cdd5085\" data-element_type=\"widget\" data-widget_type=\"divider.default\">\n\t\t\t\t<div class=\"elementor-widget-container\">\n\t\t\t<style>\/*! elementor - v3.18.0 - 20-12-2023 *\/\n.elementor-widget-divider{--divider-border-style:none;--divider-border-width:1px;--divider-color:#0c0d0e;--divider-icon-size:20px;--divider-element-spacing:10px;--divider-pattern-height:24px;--divider-pattern-size:20px;--divider-pattern-url:none;--divider-pattern-repeat:repeat-x}.elementor-widget-divider .elementor-divider{display:flex}.elementor-widget-divider .elementor-divider__text{font-size:15px;line-height:1;max-width:95%}.elementor-widget-divider .elementor-divider__element{margin:0 var(--divider-element-spacing);flex-shrink:0}.elementor-widget-divider .elementor-icon{font-size:var(--divider-icon-size)}.elementor-widget-divider .elementor-divider-separator{display:flex;margin:0;direction:ltr}.elementor-widget-divider--view-line_icon .elementor-divider-separator,.elementor-widget-divider--view-line_text .elementor-divider-separator{align-items:center}.elementor-widget-divider--view-line_icon .elementor-divider-separator:after,.elementor-widget-divider--view-line_icon .elementor-divider-separator:before,.elementor-widget-divider--view-line_text .elementor-divider-separator:after,.elementor-widget-divider--view-line_text .elementor-divider-separator:before{display:block;content:\"\";border-bottom:0;flex-grow:1;border-top:var(--divider-border-width) var(--divider-border-style) var(--divider-color)}.elementor-widget-divider--element-align-left .elementor-divider .elementor-divider-separator>.elementor-divider__svg:first-of-type{flex-grow:0;flex-shrink:100}.elementor-widget-divider--element-align-left .elementor-divider-separator:before{content:none}.elementor-widget-divider--element-align-left .elementor-divider__element{margin-left:0}.elementor-widget-divider--element-align-right .elementor-divider .elementor-divider-separator>.elementor-divider__svg:last-of-type{flex-grow:0;flex-shrink:100}.elementor-widget-divider--element-align-right .elementor-divider-separator:after{content:none}.elementor-widget-divider--element-align-right .elementor-divider__element{margin-right:0}.elementor-widget-divider:not(.elementor-widget-divider--view-line_text):not(.elementor-widget-divider--view-line_icon) .elementor-divider-separator{border-top:var(--divider-border-width) var(--divider-border-style) var(--divider-color)}.elementor-widget-divider--separator-type-pattern{--divider-border-style:none}.elementor-widget-divider--separator-type-pattern.elementor-widget-divider--view-line .elementor-divider-separator,.elementor-widget-divider--separator-type-pattern:not(.elementor-widget-divider--view-line) .elementor-divider-separator:after,.elementor-widget-divider--separator-type-pattern:not(.elementor-widget-divider--view-line) .elementor-divider-separator:before,.elementor-widget-divider--separator-type-pattern:not([class*=elementor-widget-divider--view]) .elementor-divider-separator{width:100%;min-height:var(--divider-pattern-height);-webkit-mask-size:var(--divider-pattern-size) 100%;mask-size:var(--divider-pattern-size) 100%;-webkit-mask-repeat:var(--divider-pattern-repeat);mask-repeat:var(--divider-pattern-repeat);background-color:var(--divider-color);-webkit-mask-image:var(--divider-pattern-url);mask-image:var(--divider-pattern-url)}.elementor-widget-divider--no-spacing{--divider-pattern-size:auto}.elementor-widget-divider--bg-round{--divider-pattern-repeat:round}.rtl .elementor-widget-divider .elementor-divider__text{direction:rtl}.e-con-inner>.elementor-widget-divider,.e-con>.elementor-widget-divider{width:var(--container-widget-width,100%);--flex-grow:var(--container-widget-flex-grow)}<\/style>\t\t<div class=\"elementor-divider\">\n\t\t\t<span class=\"elementor-divider-separator\">\n\t\t\t\t\t\t<\/span>\n\t\t<\/div>\n\t\t\t\t<\/div>\n\t\t\t\t<\/div>\n\t\t\t\t<div class=\"elementor-element elementor-element-3833db8 elementor-widget__width-initial elementor-widget elementor-widget-porto_info_box\" data-id=\"3833db8\" data-element_type=\"widget\" data-widget_type=\"porto_info_box.default\">\n\t\t\t\t<div class=\"elementor-widget-container\">\n\t\t\t<div class=\"porto-sicon-box style_2 top-icon\"><div class=\"porto-sicon-top\"><div id=\"porto-icon-27237877769e6247a1ffd9\" class=\"porto-just-icon-wrapper porto-sicon-img\" style=\"margin-right:31px;\"><img fetchpriority=\"high\" decoding=\"async\" class=\"img-icon\" alt=\"\" src=\"https:\/\/suministrosferemy.com\/wp-content\/uploads\/2024\/01\/Mantenimiento-2.jpg\" width=\"1183\" height=\"887\" \/><\/div><\/div><div class=\"porto-sicon-header\"><h3 class=\"porto-sicon-title\" style=\"\"><br>Mantenimiento y reparaci\u00f3n de servomotores.<\/h3><\/div> <!-- header --><div class=\"porto-sicon-description\" style=\"\" ><p>Reparamos y brindamos mantenimiento preventivo a servomotores AC, DC \u00a0de casi todas las marcas, y de cualquier tipo de retroalimentaci\u00f3n, bien sea, encoder incremetal, encoder absoluto, resolver.\u00a0<\/p><a class=\"porto-sicon-read xx\" href=\"https:\/\/suministrosferemy.com\/servicios\/mantenimiento-y-reparacion-de-servomotores\/\">Leer m\u00e1s<span>&nbsp;&raquo;<\/span><\/a><\/div> <!-- description --><\/div><!-- porto-sicon-box -->\t\t<\/div>\n\t\t\t\t<\/div>\n\t\t\t\t<div class=\"elementor-element elementor-element-80f5538 elementor-widget__width-initial elementor-widget elementor-widget-porto_info_box\" data-id=\"80f5538\" data-element_type=\"widget\" data-widget_type=\"porto_info_box.default\">\n\t\t\t\t<div class=\"elementor-widget-container\">\n\t\t\t<div class=\"porto-sicon-box style_2 top-icon\"><div class=\"porto-sicon-top\"><div id=\"porto-icon-157543698869e6247a209f4\" class=\"porto-just-icon-wrapper porto-sicon-img\" style=\"margin-right:31px;\"><img decoding=\"async\" class=\"img-icon\" alt=\"\" src=\"https:\/\/suministrosferemy.com\/wp-content\/uploads\/2024\/01\/reparacionde-motores-2.jpg\" width=\"1183\" height=\"887\" \/><\/div><\/div><div class=\"porto-sicon-header\"><h3 class=\"porto-sicon-title\" style=\"\">Reparaci\u00f3n de motores el\u00e9ctricos<\/h3><\/div> <!-- header --><div class=\"porto-sicon-description\" style=\"\" ><p>Motores de corriente alterna, motores de corriente directa, motoreductores, motores con turbinas, sopladores, bombas de agua.<\/p><a class=\"porto-sicon-read xx\" href=\"https:\/\/suministrosferemy.com\/servicios\/reparacion-de-motores-electricos\/\">Leer m\u00e1s<span>&nbsp;&raquo;<\/span><\/a><\/div> <!-- description --><\/div><!-- porto-sicon-box -->\t\t<\/div>\n\t\t\t\t<\/div>\n\t\t\t\t<div class=\"elementor-element elementor-element-8a3de4b elementor-widget__width-initial elementor-widget elementor-widget-porto_info_box\" data-id=\"8a3de4b\" data-element_type=\"widget\" data-widget_type=\"porto_info_box.default\">\n\t\t\t\t<div class=\"elementor-widget-container\">\n\t\t\t<div class=\"porto-sicon-box style_2 top-icon\"><div class=\"porto-sicon-top\"><div id=\"porto-icon-95818427469e6247a2136e\" class=\"porto-just-icon-wrapper porto-sicon-img\" style=\"margin-right:31px;\"><img decoding=\"async\" class=\"img-icon\" alt=\"\" src=\"https:\/\/suministrosferemy.com\/wp-content\/uploads\/2024\/01\/reparacion-de-equipos-2.jpg\" width=\"1254\" height=\"836\" \/><\/div><\/div><div class=\"porto-sicon-header\"><h3 class=\"porto-sicon-title\" style=\"\">Reparaci\u00f3n de equipos electr\u00f3nicos industriales<\/h3><\/div> <!-- header --><div class=\"porto-sicon-description\" style=\"\" ><p>No se deshaga de sus equipos obsoletos, podemos repararlos y as\u00ed ayudarlos en reducir gastos, reparamos todo tipo de equipos electr\u00f3nicos..<\/p><a class=\"porto-sicon-read xx\" href=\"https:\/\/suministrosferemy.com\/servicios\/reparacion-de-equipos-electronicos-industriales\/\">Leer m\u00e1s<span>&nbsp;&raquo;<\/span><\/a><\/div> <!-- description --><\/div><!-- porto-sicon-box -->\t\t<\/div>\n\t\t\t\t<\/div>\n\t\t\t\t<div class=\"elementor-element elementor-element-5ccfabc elementor-widget-divider--view-line elementor-widget elementor-widget-divider\" data-id=\"5ccfabc\" data-element_type=\"widget\" data-widget_type=\"divider.default\">\n\t\t\t\t<div class=\"elementor-widget-container\">\n\t\t\t\t\t<div class=\"elementor-divider\">\n\t\t\t<span class=\"elementor-divider-separator\">\n\t\t\t\t\t\t<\/span>\n\t\t<\/div>\n\t\t\t\t<\/div>\n\t\t\t\t<\/div>\n\t\t\t\t\t<\/div>\r\n\t\t\t\t<\/div>\r\n\t\t\t\t\t<\/div>\r\n\t\t\t\t<\/section>\r\n\t\t\t\t\t\t\t<\/div>\n\t\t","protected":false},"excerpt":{"rendered":"<p>Mantenimiento y reparaci\u00f3n de servomotores. Reparamos y brindamos mantenimiento preventivo a servomotores AC, DC \u00a0de casi todas las marcas, y de cualquier tipo de retroalimentaci\u00f3n, bien sea, encoder incremetal, encoder absoluto, resolver.\u00a0 Leer m\u00e1s&nbsp;&raquo; Reparaci\u00f3n de motores el\u00e9ctricos Motores de corriente alterna, motores de corriente directa, motoreductores, motores con turbinas, sopladores, bombas de agua. Leer [&hellip;]<\/p>\n","protected":false},"author":1,"featured_media":0,"parent":0,"menu_order":0,"comment_status":"closed","ping_status":"closed","template":"","meta":{"footnotes":""},"class_list":["post-17","page","type-page","status-publish","hentry"],"_links":{"self":[{"href":"https:\/\/suministrosferemy.com\/index.php?rest_route=\/wp\/v2\/pages\/17","targetHints":{"allow":["GET"]}}],"collection":[{"href":"https:\/\/suministrosferemy.com\/index.php?rest_route=\/wp\/v2\/pages"}],"about":[{"href":"https:\/\/suministrosferemy.com\/index.php?rest_route=\/wp\/v2\/types\/page"}],"author":[{"embeddable":true,"href":"https:\/\/suministrosferemy.com\/index.php?rest_route=\/wp\/v2\/users\/1"}],"replies":[{"embeddable":true,"href":"https:\/\/suministrosferemy.com\/index.php?rest_route=%2Fwp%2Fv2%2Fcomments&post=17"}],"version-history":[{"count":107,"href":"https:\/\/suministrosferemy.com\/index.php?rest_route=\/wp\/v2\/pages\/17\/revisions"}],"predecessor-version":[{"id":2056,"href":"https:\/\/suministrosferemy.com\/index.php?rest_route=\/wp\/v2\/pages\/17\/revisions\/2056"}],"wp:attachment":[{"href":"https:\/\/suministrosferemy.com\/index.php?rest_route=%2Fwp%2Fv2%2Fmedia&parent=17"}],"curies":[{"name":"wp","href":"https:\/\/api.w.org\/{rel}","templated":true}]}}